{"id":71,"date":"2018-12-18T05:59:47","date_gmt":"2018-12-18T05:59:47","guid":{"rendered":"https:\/\/fluentthemes.com\/wp\/appeasy\/app-demo-one\/?page_id=71"},"modified":"2023-03-01T01:04:01","modified_gmt":"2023-03-01T01:04:01","slug":"home","status":"publish","type":"page","link":"https:\/\/www.carfleetservice.cz\/","title":{"rendered":"Home"},"content":{"rendered":"<p>[vc_row full_width=&#8220;stretch_row_content_no_spaces&#8220; full_height=&#8220;yes&#8220; columns_placement=&#8220;top&#8220; disable_element=&#8220;yes&#8220; css=&#8220;.vc_custom_1561346257071{background-position: center !important;background-repeat: no-repeat !important;background-size: contain !important;}&#8220; el_id=&#8220;home&#8220;][vc_column][vc_raw_html]JTNDZGl2JTIwY2xhc3MlM0QlMjJmbGVldC1zbGlkZXItY29udGFpbmVyJTIyJTNFJTBBJTIwJTIwJTIwJTIwJTNDZGl2JTIwY2xhc3MlM0QlMjJmbGVldC1zbGlkZXItYmFja2dyb3VuZCUyMiUyMHN0eWxlJTNEJTIyYmFja2dyb3VuZCUzQSUyMHVybCUyOCUyNyUyRndwLWNvbnRlbnQlMkZpbWFnZXMlMkZiZy1mbGVldC5wbmclMjclMjklMjIlM0UlMEElMjAlMjAlMjAlMjAlM0MlMkZkaXYlM0UlMEElMjAlMjAlMjAlMjAlM0NkaXYlMjBjbGFzcyUzRCUyMmNvbnRhaW5lciUyMiUzRSUwQSUyMCUyMCUyMCUyMCUyMCUyMCUyMCUyMCUzQ2RpdiUyMGNsYXNzJTNEJTIycm93JTIyJTNFJTBBJTIwJTIwJTIwJTIwJTIwJTIwJTIwJTIwJTIwJTIwJTIwJTIwJTNDZGl2JTIwY2xhc3MlM0QlMjJjb2wtbWQtOCUyMiUzRSUwQSUyMCUyMCUyMCUyMCUyMCUyMCUyMCUyMCUyMCUyMCUyMCUyMCUyMCUyMCUyMCUyMCUzQ2RpdiUyMGNsYXNzJTNEJTIyZmxlZXQtc2xpZGVyLWhlYWRlciUyMiUzRSUwQSUyMCUyMCUyMCUyMCUyMCUyMCUyMCUyMCUyMCUyMCUyMCUyMCUyMCUyMCUyMCUyMCUyMCUyMCUyMCUyMExLUSUyMENBUiUyMEZMRUVUJTIwU0VSVklDRSUwQSUyMCUyMCUyMCUyMCUyMCUyMCUyMCUyMCUyMCUyMCUyMCUyMCUyMCUyMCUyMCUyMCUzQyUyRmRpdiUzRSUwQSUwQSUyMCUyMCUyMCUyMCUyMCUyMCUyMCUyMCUyMCUyMCUyMCUyMCUyMCUyMCUyMCUyMCUzQ2RpdiUyMGNsYXNzJTNEJTIyZmxlZXQtc2xpZGVyLWhlYWRlcjIlMjIlM0UlMEFTSUxOJUMzJTlEJTIwUEFSVE5FUiUyMFBSTyUyMEZMRUVUT1YlQzMlODklMjBTTFUlQzUlQkRCWSUyMCUyMCUyMCUyMCUyMCUyMCUyMCUyMCUyMCUyMCUyMCUyMCUyMCUyMCUyMCUyMCUwQSUzQyUyRmRpdiUzRSUwQSUyMCUyMCUyMCUyMCUyMCUyMCUyMCUyMCUyMCUyMCUyMCUyMCUyMCUyMCUyMCUyMCUzQ2RpdiUyMGNsYXNzJTNEJTIyZmxlZXQtc2xpZGVyLWRlc2MlMjIlM0UlMEElMjAlMjAlMjAlMjAlMjAlMjAlMjAlMjAlMjAlMjAlMjAlMjAlMjAlMjAlMjAlMjAlMjAlMjAlMjAlMjBTcG9qZW4lQzMlQURtJTIwZHZvdSUyMG5lanYlQzQlOUJ0JUM1JUExJUMzJUFEY2glMjBwb3NreXRvdmF0ZWwlQzUlQUYlMjBzZXJ2aXNuJUMzJUFEY2glMjBzbHUlQzUlQkVlYiUyQyUyMGtvbmNlcHQlQzUlQUYlMjBBdXRvJTIwS2VsbHklMjBGbGVldCUyMFNlcnZpY2UlMjBhJTIwRWxpdCUyMENhciUyMEZsZWV0JTIwU2VydmljZSUyQyUyMHZ6bmlrbCUyMHNpbG4lQzMlQkQlMjBwYXJ0bmVyJTJDJTIwa3RlciVDMyVCRCUyMHNwbCVDNSU4OHVqZSUyMG4lQzMlQTFybyVDNCU4RG4lQzMlQTklMjBwbyVDNSVCRWFkYXZreSUyMGtsYWRlbiVDMyVBOSUyMHNvdSVDNCU4RGFzbiVDMyVCRG1pJTIwbWFqaXRlbGklMjBhJTIwc3ByJUMzJUExdmNpJTIwdm96b3YlQzMlQkRjaCUyMHBhcmslQzUlQUYuJTBBJTIwJTIwJTIwJTIwJTIwJTIwJTIwJTIwJTIwJTIwJTIwJTIwJTIwJTIwJTIwJTIwJTNDJTJGZGl2JTNFJTBBJTIwJTIwJTIwJTIwJTIwJTIwJTIwJTIwJTIwJTIwJTIwJTIwJTIwJTIwJTIwJTIwJTNDZGl2JTIwY2xhc3MlM0QlMjJmbGVldC1zbGlkZXItbG9nby1jb250YWluZXIlMjIlM0UlMEElMjAlMjAlMjAlMjAlMjAlMjAlMjAlMjAlMjAlMjAlMjAlMjAlMjAlMjAlMjAlMjAlMjAlMjAlMjAlMjAlM0NpbWclMjBzcmMlM0QlMjIlMkZ3cC1jb250ZW50JTJGaW1hZ2VzJTJGYXV0b2tlbGx5bG9nby5wbmclMjIlMjBjbGFzcyUzRCUyMmZsbGV0LXNsaWRlci1sb2dvJTIyJTIwYWx0JTNEJTIyJTIyJTNFJTBBJTIwJTIwJTIwJTIwJTIwJTIwJTIwJTIwJTIwJTIwJTIwJTIwJTIwJTIwJTIwJTIwJTIwJTIwJTIwJTIwJTNDaW1nJTIwc3JjJTNEJTIyJTJGd3AtY29udGVudCUyRmltYWdlcyUyRmVsaXRsb2dvLnBuZyUyMiUyMGNsYXNzJTNEJTIyZmxsZXQtc2xpZGVyLWxvZ28lMjIlMjBhbHQlM0QlMjIlMjIlM0UlMEElMjAlMjAlMjAlMjAlMjAlMjAlMjAlMjAlMjAlMjAlMjAlMjAlMjAlMjAlMjAlMjAlMjAlMjAlMjAlMjAlM0NpbWclMjBzcmMlM0QlMjIlMkZ3cC1jb250ZW50JTJGaW1hZ2VzJTJGbGtxbG9nby5wbmclMjIlMjBjbGFzcyUzRCUyMmZsbGV0LXNsaWRlci1sb2dvJTIwbGtxLWxvZ28lMjIlMjBhbHQlM0QlMjIlMjIlM0UlMEElMjAlMjAlMjAlMjAlMjAlMjAlMjAlMjAlMjAlMjAlMjAlMjAlMjAlMjAlMjAlMjAlM0MlMkZkaXYlM0UlMEElMjAlMjAlMjAlMjAlMjAlMjAlMjAlMjAlMjAlMjAlMjAlMjAlM0MlMkZkaXYlM0UlMEElMjAlMjAlMjAlMjAlMjAlMjAlMjAlMjAlMjAlMjAlMjAlMjAlM0NkaXYlMjBjbGFzcyUzRCUyMmNvbC1tZC00JTIyJTNFJTBBJTIwJTIwJTIwJTIwJTIwJTIwJTIwJTIwJTIwJTIwJTIwJTIwJTIwJTIwJTIwJTIwJTNDZGl2JTIwY2xhc3MlM0QlMjJmbGVldC1zbGlkZXItaW1hZ2UlMjIlM0UlMEElMjAlMjAlMjAlMjAlMjAlMjAlMjAlMjAlMjAlMjAlMjAlMjAlMjAlMjAlMjAlMjAlM0MlMkZkaXYlM0UlMEElMjAlMjAlMjAlMjAlMjAlMjAlMjAlMjAlMjAlMjAlMjAlMjAlM0MlMkZkaXYlM0UlMEElMjAlMjAlMjAlMjAlMjAlMjAlMjAlMjAlM0MlMkZkaXYlM0UlMEElMjAlMjAlMjAlMjAlM0MlMkZkaXYlM0UlMEElM0MlMkZkaXYlM0U=[\/vc_raw_html][\/vc_column][\/vc_row][vc_row el_id=&#8220;features&#8220;][vc_column][vc_empty_space height=&#8220;55px&#8220;]<!-- Start Who We Are Section -->\n        <section  class=\"about about-1 p-5-30 zbgya\">\n            <div class=\"container\">\n                <div class=\"row\">\n                    <!-- Text -->\n                    <div class=\"col-12 col-lg-5  mb-30 align-self-center\">\n                        <!-- Title -->\n                        <div class=\"section-title mb-30\">\n                            <p class=\"light bold small heading1\"><\/p>\n                            <h2 class=\"heading2\"><span class='thin'><\/span>Pro<span class='thin'><\/span>\u010d <span class='thin'><\/span>CAR<span class='thin'><\/span> <span class='thin'><\/span>FLEET<span class='thin'><\/span> <span class='thin'><\/span>SERVICE<span class='thin'><\/span><\/h2>\n                        <\/div>\n                        <!-- Text -->\n                        <div class=\"light thin desc\"><\/p>\n<ul>\n<li>Servis vozidel v\u0161ech zna\u010dek na jednom m\u00edst\u011b<\/li>\n<li>Hust\u00e1 servisn\u00ed s\u00ed\u0165 po cel\u00e9 \u010cesk\u00e9 republice<\/li>\n<li>Efektivn\u00ed \u0159e\u0161en\u00ed pro mal\u00e9 i velk\u00e9 spole\u010dnosti<\/li>\n<li>P\u0159\u00edstup do online syt\u00e9mu na spr\u00e1vu, kontrolu a schvalov\u00e1n\u00ed zak\u00e1zek<\/li>\n<li>Souhrnn\u00e1 fakturace od jednoho partnera<\/li>\n<li>Likvidace pojistn\u00fdch ud\u00e1lost\u00ed v\u010detn\u011b vlastn\u00edch autolakoven<\/li>\n<li>Osobn\u00ed fleet koordin\u00e1tor<\/li>\n<li>V\u00fdrazn\u00e1 \u00faspora n\u00e1klad\u016f<\/li>\n<\/ul>\n<p><\/div>\n                        <!-- Buttons \n                        <a href=\"\">\n                            <div class=\"button bg-color-1\"><\/div>\n                        <\/a>\n                        <a class=\"gray link\" href=\"\"> <i class=\"fas fa-chevron-right\"><\/i><\/a>-->\n                    <\/div>\n                    <!-- Ilustration -->\n                    <div class=\"col-12 col-lg-7 mb-30 align-self-center screens-1\">\n                        <img src=\"https:\/\/www.carfleetservice.cz\/wp-content\/uploads\/2019\/06\/map.png\" class=\"jump\" alt=\"image\">\n                    <\/div>\n                <\/div>\n            <\/div>\n        <\/section>\n        <!-- End Who We Are Section  -->\n\t\t\n<style>\n\n\n\n\n\n\n<\/style>\n[vc_empty_space height=&#8220;20px&#8220;][\/vc_column][\/vc_row][vc_row el_class=&#8220;sm-tpadding&#8220;][vc_column][vc_empty_space height=&#8220;55px&#8220;][\/vc_column][\/vc_row][vc_section][vc_row][vc_column][vc_custom_heading text=&#8220;CERTIFIKOVAN\u00dd LKQ AUTOSERVIS = SERVIS VOZIDEL BEZ ZTR\u00c1TY Z\u00c1RUKY&#8220;][\/vc_column][\/vc_row][\/vc_section][vc_row][vc_column width=&#8220;1\/3&#8243;]<!-- Start Feature Box -->\n        <section class=\"features p-0-55 npjom\">\n\n                    <!-- Features card  -->\n\n                        <div class=\"card-features\">\n                            <img src=\"https:\/\/www.carfleetservice.cz\/wp-content\/uploads\/2019\/04\/fleet-icon-1.png\" alt=\"icon\">\n                            <p class=\"bold title\"><\/p>\n                            <p class=\"light thin desc\">Garance servisn\u00edch postup\u016f <br>\ndle v\u00fdrobce vozidla<\/p>\n                        <\/div>\n     \t\t\t\t\n\n        <\/section>\n        <!-- End Feature Box  -->\n\t\t\n<style>\n\n\n<\/style>\n[\/vc_column][vc_column width=&#8220;1\/3&#8243;]<!-- Start Feature Box -->\n        <section class=\"features p-0-55 nmjpo\">\n\n                    <!-- Features card  -->\n\n                        <div class=\"card-features\">\n                            <img src=\"https:\/\/www.carfleetservice.cz\/wp-content\/uploads\/2019\/04\/fleet-icon-2.png\" alt=\"icon\">\n                            <p class=\"bold title\"><\/p>\n                            <p class=\"light thin desc\">Pou\u017eit\u00ed origin\u00e1ln\u00edch n\u00e1hradn\u00edch <br>\nd\u00edl\u016f v souladu s <a href=\"\/wp-content\/uploads\/blokova-vyjimka.pdf\" target=\"_blank\">Blokovou v\u00fdjimkou<\/a><\/p>\n                        <\/div>\n     \t\t\t\t\n\n        <\/section>\n        <!-- End Feature Box  -->\n\t\t\n<style>\n\n\n<\/style>\n[\/vc_column][vc_column width=&#8220;1\/3&#8243;]<!-- Start Feature Box -->\n        <section class=\"features p-0-55 jmnop\">\n\n                    <!-- Features card  -->\n\n                        <div class=\"card-features\">\n                            <img src=\"https:\/\/www.carfleetservice.cz\/wp-content\/uploads\/2019\/04\/fleet-icon-3.png\" alt=\"icon\">\n                            <p class=\"bold title\"><\/p>\n                            <p class=\"light thin desc\">Pravideln\u00e9 audity k zaru\u010den\u00ed <br>\nkvality poskytovan\u00fdch slu\u017eeb<\/p>\n                        <\/div>\n     \t\t\t\t\n\n        <\/section>\n        <!-- End Feature Box  -->\n\t\t\n<style>\n\n\n<\/style>\n[\/vc_column][\/vc_row][vc_row el_id=&#8220;service&#8220;][vc_column][vc_empty_space height=&#8220;60px&#8220;]<!-- Start image Box -->\n        <section class=\"fleet-images-container p-0-55 njomp\">\n\n                    <!-- Features card  -->\n\n                        <div class=\"card-fleet-image\">\n                            <img src=\"https:\/\/www.carfleetservice.cz\/wp-content\/uploads\/2019\/07\/autokelly.jpg\" alt=\"icon\">\n                        <\/div>\n                        <div class=\"card-fleet-image\">\n                            <img src=\"https:\/\/www.carfleetservice.cz\/wp-content\/uploads\/2019\/07\/el.jpg\" alt=\"icon\">\n                        <\/div>\n     \t\t\t\t\n\n        <\/section>\n        <!-- End Feature Box  -->\n\t\t\n<style>\n\n\n<\/style>\n[\/vc_column][\/vc_row][vc_row][vc_column][vc_row_inner][vc_column_inner width=&#8220;1\/4&#8243;][\/vc_column_inner][vc_column_inner el_class=&#8220;list-item-box&#8220; width=&#8220;1\/2&#8243;]<!-- Start list Item Section-->\n        <div class=\"service-list-row bg-animation butvs\" >\n                <div class=\"row\">\n                    <div class=\"list-service-item\">\n                        <img src=\"https:\/\/www.carfleetservice.cz\/wp-content\/uploads\/2019\/06\/icon_1.png\" class=\"list-image-icon\" alt=\"\">\n                        <span class=\"thin numeric puls\" style=\"animation-delay: 0s\"> N\u00e1hradn\u00ed vozidla<\/span>\n                    <\/div>\t\t\t\t\n                <\/div>\n        <\/div>\n        <!-- End Counter Section  -->\n<style>\n\n.stats.butvs {\nbackground-image:url(https:\/\/www.carfleetservice.cz\/wp-content\/uploads\/2019\/06\/icon_1.png);\n}\n\n\n\n\n<\/style>\n<!-- Start list Item Section-->\n        <div class=\"service-list-row bg-animation utbvs\" >\n                <div class=\"row\">\n                    <div class=\"list-service-item\">\n                        <img src=\"https:\/\/www.carfleetservice.cz\/wp-content\/uploads\/2019\/06\/icon_2.png\" class=\"list-image-icon\" alt=\"\">\n                        <span class=\"thin numeric puls\" style=\"animation-delay: 0s\"> Pick-up servis na ur\u010den\u00e9 adrese<\/span>\n                    <\/div>\t\t\t\t\n                <\/div>\n        <\/div>\n        <!-- End Counter Section  -->\n<style>\n\n.stats.utbvs {\nbackground-image:url(https:\/\/www.carfleetservice.cz\/wp-content\/uploads\/2019\/06\/icon_2.png);\n}\n\n\n\n\n<\/style>\n<!-- Start list Item Section-->\n        <div class=\"service-list-row bg-animation ubstv\" >\n                <div class=\"row\">\n                    <div class=\"list-service-item\">\n                        <img src=\"https:\/\/www.carfleetservice.cz\/wp-content\/uploads\/2019\/06\/icon_3.png\" class=\"list-image-icon\" alt=\"\">\n                        <span class=\"thin numeric puls\" style=\"animation-delay: 0s\"> Myt\u00ed vozidel a \u010di\u0161t\u011bn\u00ed interi\u00e9ru<\/span>\n                    <\/div>\t\t\t\t\n                <\/div>\n        <\/div>\n        <!-- End Counter Section  -->\n<style>\n\n.stats.ubstv {\nbackground-image:url(https:\/\/www.carfleetservice.cz\/wp-content\/uploads\/2019\/06\/icon_3.png);\n}\n\n\n\n\n<\/style>\n<!-- Start list Item Section-->\n        <div class=\"service-list-row bg-animation ubtsv\" >\n                <div class=\"row\">\n                    <div class=\"list-service-item\">\n                        <img src=\"https:\/\/www.carfleetservice.cz\/wp-content\/uploads\/2019\/06\/icon_4.png\" class=\"list-image-icon\" alt=\"\">\n                        <span class=\"thin numeric puls\" style=\"animation-delay: 0s\"> Uskladn\u011bn\u00ed pneumatik<\/span>\n                    <\/div>\t\t\t\t\n                <\/div>\n        <\/div>\n        <!-- End Counter Section  -->\n<style>\n\n.stats.ubtsv {\nbackground-image:url(https:\/\/www.carfleetservice.cz\/wp-content\/uploads\/2019\/06\/icon_4.png);\n}\n\n\n\n\n<\/style>\n[\/vc_column_inner][vc_column_inner width=&#8220;1\/4&#8243;][\/vc_column_inner][\/vc_row_inner][\/vc_column][\/vc_row][vc_row el_id=&#8220;contact&#8220;][vc_column][vc_empty_space][\/vc_column][\/vc_row][vc_row css=&#8220;.vc_custom_1563441690719{margin-top: 60px !important;}&#8220;][vc_column width=&#8220;1\/3&#8243;][\/vc_column][vc_column width=&#8220;1\/3&#8243;]<!-- Start Service Item Section-->\n        <div class=\"service-item-box bg-animation bstuv\" >\n            <div class=\"container\">\n                <div class=\"row\">\n\t\t\t\t\n                    <div class=\"service-item\">\n                        <!--<i class=\"icon-phone\"><\/i>-->\n\t\t\t\t\t\t<img src=\"wp-content\/icons\/icon-phone.png\" class=\"contact-icon-image\">\n                        <span class=\"thin numeric puls\" style=\"animation-delay: 0s\"> 607 036 072<\/span>\n                    <\/div>\n\t\t\t\t\n<style>\n\n\n\n\n<\/style>\n<!-- Start Service Item Section-->\n        <div class=\"service-item-box bg-animation ubvts\" >\n            <div class=\"container\">\n                <div class=\"row\">\n\t\t\t\t\n                    <div class=\"service-item\">\n                        <!--<i class=\"icon-email\"><\/i>-->\n\t\t\t\t\t\t<img src=\"wp-content\/icons\/icon-email.png\" class=\"contact-icon-image\">\n                        <span class=\"thin numeric puls\" style=\"animation-delay: 0s\"> fleet@lkq.cz<\/span>\n                    <\/div>\n\t\t\t\t\n<style>\n\n\n\n\n<\/style>\n[\/vc_column][vc_column width=&#8220;1\/3&#8243;][\/vc_column][\/vc_row]<\/p>\n","protected":false},"excerpt":{"rendered":"<p>[vc_row full_width=&#8220;stretch_row_content_no_spaces&#8220; full_height=&#8220;yes&#8220; columns_placement=&#8220;top&#8220; disable_element=&#8220;yes&#8220; css=&#8220;.vc_custom_1561346257071{background-position: center !important;background-repeat: no-repeat !important;background-size: contain !important;}&#8220; el_id=&#8220;home&#8220;][vc_column][vc_raw_html]JTNDZGl2JTIwY2xhc3MlM0QlMjJmbGVldC1zbGlkZXItY29udGFpbmVyJTIyJTNFJTBBJTIwJTIwJTIwJTIwJTNDZGl2JTIwY2xhc3MlM0QlMjJmbGVldC1zbGlkZXItYmFja2dyb3VuZCUyMiUyMHN0eWxlJTNEJTIyYmFja2dyb3VuZCUzQSUyMHVybCUyOCUyNyUyRndwLWNvbnRlbnQlMkZpbWFnZXMlMkZiZy1mbGVldC5wbmclMjclMjklMjIlM0UlMEElMjAlMjAlMjAlMjAlM0MlMkZkaXYlM0UlMEElMjAlMjAlMjAlMjAlM0NkaXYlMjBjbGFzcyUzRCUyMmNvbnRhaW5lciUyMiUzRSUwQSUyMCUyMCUyMCUyMCUyMCUyMCUyMCUyMCUzQ2RpdiUyMGNsYXNzJTNEJTIycm93JTIyJTNFJTBBJTIwJTIwJTIwJTIwJTIwJTIwJTIwJTIwJTIwJTIwJTIwJTIwJTNDZGl2JTIwY2xhc3MlM0QlMjJjb2wtbWQtOCUyMiUzRSUwQSUyMCUyMCUyMCUyMCUyMCUyMCUyMCUyMCUyMCUyMCUyMCUyMCUyMCUyMCUyMCUyMCUzQ2RpdiUyMGNsYXNzJTNEJTIyZmxlZXQtc2xpZGVyLWhlYWRlciUyMiUzRSUwQSUyMCUyMCUyMCUyMCUyMCUyMCUyMCUyMCUyMCUyMCUyMCUyMCUyMCUyMCUyMCUyMCUyMCUyMCUyMCUyMExLUSUyMENBUiUyMEZMRUVUJTIwU0VSVklDRSUwQSUyMCUyMCUyMCUyMCUyMCUyMCUyMCUyMCUyMCUyMCUyMCUyMCUyMCUyMCUyMCUyMCUzQyUyRmRpdiUzRSUwQSUwQSUyMCUyMCUyMCUyMCUyMCUyMCUyMCUyMCUyMCUyMCUyMCUyMCUyMCUyMCUyMCUyMCUzQ2RpdiUyMGNsYXNzJTNEJTIyZmxlZXQtc2xpZGVyLWhlYWRlcjIlMjIlM0UlMEFTSUxOJUMzJTlEJTIwUEFSVE5FUiUyMFBSTyUyMEZMRUVUT1YlQzMlODklMjBTTFUlQzUlQkRCWSUyMCUyMCUyMCUyMCUyMCUyMCUyMCUyMCUyMCUyMCUyMCUyMCUyMCUyMCUyMCUyMCUwQSUzQyUyRmRpdiUzRSUwQSUyMCUyMCUyMCUyMCUyMCUyMCUyMCUyMCUyMCUyMCUyMCUyMCUyMCUyMCUyMCUyMCUzQ2RpdiUyMGNsYXNzJTNEJTIyZmxlZXQtc2xpZGVyLWRlc2MlMjIlM0UlMEElMjAlMjAlMjAlMjAlMjAlMjAlMjAlMjAlMjAlMjAlMjAlMjAlMjAlMjAlMjAlMjAlMjAlMjAlMjAlMjBTcG9qZW4lQzMlQURtJTIwZHZvdSUyMG5lanYlQzQlOUJ0JUM1JUExJUMzJUFEY2glMjBwb3NreXRvdmF0ZWwlQzUlQUYlMjBzZXJ2aXNuJUMzJUFEY2glMjBzbHUlQzUlQkVlYiUyQyUyMGtvbmNlcHQlQzUlQUYlMjBBdXRvJTIwS2VsbHklMjBGbGVldCUyMFNlcnZpY2UlMjBhJTIwRWxpdCUyMENhciUyMEZsZWV0JTIwU2VydmljZSUyQyUyMHZ6bmlrbCUyMHNpbG4lQzMlQkQlMjBwYXJ0bmVyJTJDJTIwa3RlciVDMyVCRCUyMHNwbCVDNSU4OHVqZSUyMG4lQzMlQTFybyVDNCU4RG4lQzMlQTklMjBwbyVDNSVCRWFkYXZreSUyMGtsYWRlbiVDMyVBOSUyMHNvdSVDNCU4RGFzbiVDMyVCRG1pJTIwbWFqaXRlbGklMjBhJTIwc3ByJUMzJUExdmNpJTIwdm96b3YlQzMlQkRjaCUyMHBhcmslQzUlQUYuJTBBJTIwJTIwJTIwJTIwJTIwJTIwJTIwJTIwJTIwJTIwJTIwJTIwJTIwJTIwJTIwJTIwJTNDJTJGZGl2JTNFJTBBJTIwJTIwJTIwJTIwJTIwJTIwJTIwJTIwJTIwJTIwJTIwJTIwJTIwJTIwJTIwJTIwJTNDZGl2JTIwY2xhc3MlM0QlMjJmbGVldC1zbGlkZXItbG9nby1jb250YWluZXIlMjIlM0UlMEElMjAlMjAlMjAlMjAlMjAlMjAlMjAlMjAlMjAlMjAlMjAlMjAlMjAlMjAlMjAlMjAlMjAlMjAlMjAlMjAlM0NpbWclMjBzcmMlM0QlMjIlMkZ3cC1jb250ZW50JTJGaW1hZ2VzJTJGYXV0b2tlbGx5bG9nby5wbmclMjIlMjBjbGFzcyUzRCUyMmZsbGV0LXNsaWRlci1sb2dvJTIyJTIwYWx0JTNEJTIyJTIyJTNFJTBBJTIwJTIwJTIwJTIwJTIwJTIwJTIwJTIwJTIwJTIwJTIwJTIwJTIwJTIwJTIwJTIwJTIwJTIwJTIwJTIwJTNDaW1nJTIwc3JjJTNEJTIyJTJGd3AtY29udGVudCUyRmltYWdlcyUyRmVsaXRsb2dvLnBuZyUyMiUyMGNsYXNzJTNEJTIyZmxsZXQtc2xpZGVyLWxvZ28lMjIlMjBhbHQlM0QlMjIlMjIlM0UlMEElMjAlMjAlMjAlMjAlMjAlMjAlMjAlMjAlMjAlMjAlMjAlMjAlMjAlMjAlMjAlMjAlMjAlMjAlMjAlMjAlM0NpbWclMjBzcmMlM0QlMjIlMkZ3cC1jb250ZW50JTJGaW1hZ2VzJTJGbGtxbG9nby5wbmclMjIlMjBjbGFzcyUzRCUyMmZsbGV0LXNsaWRlci1sb2dvJTIwbGtxLWxvZ28lMjIlMjBhbHQlM0QlMjIlMjIlM0UlMEElMjAlMjAlMjAlMjAlMjAlMjAlMjAlMjAlMjAlMjAlMjAlMjAlMjAlMjAlMjAlMjAlM0MlMkZkaXYlM0UlMEElMjAlMjAlMjAlMjAlMjAlMjAlMjAlMjAlMjAlMjAlMjAlMjAlM0MlMkZkaXYlM0UlMEElMjAlMjAlMjAlMjAlMjAlMjAlMjAlMjAlMjAlMjAlMjAlMjAlM0NkaXYlMjBjbGFzcyUzRCUyMmNvbC1tZC00JTIyJTNFJTBBJTIwJTIwJTIwJTIwJTIwJTIwJTIwJTIwJTIwJTIwJTIwJTIwJTIwJTIwJTIwJTIwJTNDZGl2JTIwY2xhc3MlM0QlMjJmbGVldC1zbGlkZXItaW1hZ2UlMjIlM0UlMEElMjAlMjAlMjAlMjAlMjAlMjAlMjAlMjAlMjAlMjAlMjAlMjAlMjAlMjAlMjAlMjAlM0MlMkZkaXYlM0UlMEElMjAlMjAlMjAlMjAlMjAlMjAlMjAlMjAlMjAlMjAlMjAlMjAlM0MlMkZkaXYlM0UlMEElMjAlMjAlMjAlMjAlMjAlMjAlMjAlMjAlM0MlMkZkaXYlM0UlMEElMjAlMjAlMjAlMjAlM0MlMkZkaXYlM0UlMEElM0MlMkZkaXYlM0U=[\/vc_raw_html][\/vc_column][\/vc_row][vc_row el_id=&#8220;features&#8220;][vc_column][vc_empty_space height=&#8220;55px&#8220;][vc_empty_space height=&#8220;20px&#8220;][\/vc_column][\/vc_row][vc_row el_class=&#8220;sm-tpadding&#8220;][vc_column][vc_empty_space height=&#8220;55px&#8220;][\/vc_column][\/vc_row][vc_section][vc_row][vc_column][vc_custom_heading text=&#8220;CERTIFIKOVAN\u00dd LKQ AUTOSERVIS = SERVIS VOZIDEL BEZ ZTR\u00c1TY Z\u00c1RUKY&#8220;][\/vc_column][\/vc_row][\/vc_section][vc_row][vc_column width=&#8220;1\/3&#8243;][\/vc_column][vc_column width=&#8220;1\/3&#8243;][\/vc_column][vc_column width=&#8220;1\/3&#8243;][\/vc_column][\/vc_row][vc_row el_id=&#8220;service&#8220;][vc_column][vc_empty_space height=&#8220;60px&#8220;][\/vc_column][\/vc_row][vc_row][vc_column][vc_row_inner][vc_column_inner width=&#8220;1\/4&#8243;][\/vc_column_inner][vc_column_inner el_class=&#8220;list-item-box&#8220; width=&#8220;1\/2&#8243;][\/vc_column_inner][vc_column_inner width=&#8220;1\/4&#8243;][\/vc_column_inner][\/vc_row_inner][\/vc_column][\/vc_row][vc_row el_id=&#8220;contact&#8220;][vc_column][vc_empty_space][\/vc_column][\/vc_row][vc_row css=&#8220;.vc_custom_1563441690719{margin-top: 60px !important;}&#8220;][vc_column width=&#8220;1\/3&#8243;][\/vc_column][vc_column width=&#8220;1\/3&#8243;][\/vc_column][vc_column width=&#8220;1\/3&#8243;][\/vc_column][\/vc_row]<\/p>\n","protected":false},"author":1,"featured_media":0,"parent":0,"menu_order":0,"comment_status":"closed","ping_status":"closed","template":"page-vc.php","meta":[],"_links":{"self":[{"href":"https:\/\/www.carfleetservice.cz\/index.php\/wp-json\/wp\/v2\/pages\/71"}],"collection":[{"href":"https:\/\/www.carfleetservice.cz\/index.php\/wp-json\/wp\/v2\/pages"}],"about":[{"href":"https:\/\/www.carfleetservice.cz\/index.php\/wp-json\/wp\/v2\/types\/page"}],"author":[{"embeddable":true,"href":"https:\/\/www.carfleetservice.cz\/index.php\/wp-json\/wp\/v2\/users\/1"}],"replies":[{"embeddable":true,"href":"https:\/\/www.carfleetservice.cz\/index.php\/wp-json\/wp\/v2\/comments?post=71"}],"version-history":[{"count":68,"href":"https:\/\/www.carfleetservice.cz\/index.php\/wp-json\/wp\/v2\/pages\/71\/revisions"}],"predecessor-version":[{"id":588,"href":"https:\/\/www.carfleetservice.cz\/index.php\/wp-json\/wp\/v2\/pages\/71\/revisions\/588"}],"wp:attachment":[{"href":"https:\/\/www.carfleetservice.cz\/index.php\/wp-json\/wp\/v2\/media?parent=71"}],"curies":[{"name":"wp","href":"https:\/\/api.w.org\/{rel}","templated":true}]}}